{"id":69,"date":"2026-02-10T17:05:18","date_gmt":"2026-02-10T17:05:18","guid":{"rendered":"https:\/\/nordevent-shop.de\/?page_id=69"},"modified":"2026-03-27T09:36:58","modified_gmt":"2026-03-27T09:36:58","slug":"impressum","status":"publish","type":"page","link":"https:\/\/nordevent-shop.de\/impressum","title":{"rendered":"Impressum"},"content":{"rendered":"\t\t<div data-elementor-type=\"wp-page\" data-elementor-id=\"69\" class=\"elementor elementor-69\" data-elementor-post-type=\"page\">\n\t\t\t\t<div class=\"elementor-element elementor-element-bcc4710 e-flex e-con-boxed e-con e-parent\" data-id=\"bcc4710\" data-element_type=\"container\" data-e-type=\"container\" data-settings=\"{&quot;background_background&quot;:&quot;classic&quot;}\">\n\t\t\t\t\t<div class=\"e-con-inner\">\n\t\t\t\t<div class=\"elementor-element elementor-element-5ff7998 elementor-widget elementor-widget-heading\" data-id=\"5ff7998\" data-element_type=\"widget\" data-e-type=\"widget\" data-widget_type=\"heading.default\">\n\t\t\t\t\t<h1 class=\"elementor-heading-title elementor-size-default\">Impressum<\/h1>\t\t\t\t<\/div>\n\t\t\t\t\t<\/div>\n\t\t\t\t<\/div>\n\t\t<div class=\"elementor-element elementor-element-6990eff e-flex e-con-boxed e-con e-parent\" data-id=\"6990eff\" data-element_type=\"container\" data-e-type=\"container\">\n\t\t\t\t\t<div class=\"e-con-inner\">\n\t\t\t\t<div class=\"elementor-element elementor-element-285f856 elementor-widget elementor-widget-heading\" data-id=\"285f856\" data-element_type=\"widget\" data-e-type=\"widget\" data-widget_type=\"heading.default\">\n\t\t\t\t\t<h2 class=\"elementor-heading-title elementor-size-default\">Angaben gem\u00e4\u00df \u00a7 5 DDG:<\/h2>\t\t\t\t<\/div>\n\t\t\t\t<div class=\"elementor-element elementor-element-cad3a52 elementor-widget elementor-widget-text-editor\" data-id=\"cad3a52\" data-element_type=\"widget\" data-e-type=\"widget\" data-widget_type=\"text-editor.default\">\n\t\t\t\t\t\t\t\t\t<p>NORD EVENT GmbH<br \/>Spitalerstra\u00dfe 11<br \/>20095 Hamburg<\/p><p>Vertreten durch:<\/p><p>Gesch\u00e4ftsf\u00fchrer Dipl.-Ing. Hans-Christoph Klaiber<\/p>\t\t\t\t\t\t\t\t<\/div>\n\t\t\t\t<div class=\"elementor-element elementor-element-d9b7cb3 elementor-widget elementor-widget-heading\" data-id=\"d9b7cb3\" data-element_type=\"widget\" data-e-type=\"widget\" data-widget_type=\"heading.default\">\n\t\t\t\t\t<h2 class=\"elementor-heading-title elementor-size-default\">Kontakt:<\/h2>\t\t\t\t<\/div>\n\t\t\t\t<div class=\"elementor-element elementor-element-2b07ce8 elementor-widget elementor-widget-text-editor\" data-id=\"2b07ce8\" data-element_type=\"widget\" data-e-type=\"widget\" data-widget_type=\"text-editor.default\">\n\t\t\t\t\t\t\t\t\t<p>Telefon: +49 40 200064-0<br \/>Telefax: +49 40 200064-264<br \/>E-Mail: info@nordevent.de<\/p>\t\t\t\t\t\t\t\t<\/div>\n\t\t\t\t<div class=\"elementor-element elementor-element-8dec7b9 elementor-widget elementor-widget-heading\" data-id=\"8dec7b9\" data-element_type=\"widget\" data-e-type=\"widget\" data-widget_type=\"heading.default\">\n\t\t\t\t\t<h2 class=\"elementor-heading-title elementor-size-default\">Registereintrag:<\/h2>\t\t\t\t<\/div>\n\t\t\t\t<div class=\"elementor-element elementor-element-0dea28e elementor-widget elementor-widget-text-editor\" data-id=\"0dea28e\" data-element_type=\"widget\" data-e-type=\"widget\" data-widget_type=\"text-editor.default\">\n\t\t\t\t\t\t\t\t\t<p>Eintragung im Handelsregister.<br \/>Registergericht: Amtsgericht Hamburg<br \/>Registernummer: HRB 155454<\/p>\t\t\t\t\t\t\t\t<\/div>\n\t\t\t\t<div class=\"elementor-element elementor-element-dcd17fc elementor-widget elementor-widget-heading\" data-id=\"dcd17fc\" data-element_type=\"widget\" data-e-type=\"widget\" data-widget_type=\"heading.default\">\n\t\t\t\t\t<h2 class=\"elementor-heading-title elementor-size-default\">Umsatzsteuer:<\/h2>\t\t\t\t<\/div>\n\t\t\t\t<div class=\"elementor-element elementor-element-f41c90f elementor-widget elementor-widget-text-editor\" data-id=\"f41c90f\" data-element_type=\"widget\" data-e-type=\"widget\" data-widget_type=\"text-editor.default\">\n\t\t\t\t\t\t\t\t\t<p>Umsatzsteuer-Identifikationsnummer gem\u00e4\u00df \u00a727 a Umsatzsteuergesetz:<br \/>DE212415283<\/p>\t\t\t\t\t\t\t\t<\/div>\n\t\t\t\t<div class=\"elementor-element elementor-element-a9e2956 elementor-widget elementor-widget-heading\" data-id=\"a9e2956\" data-element_type=\"widget\" data-e-type=\"widget\" data-widget_type=\"heading.default\">\n\t\t\t\t\t<h2 class=\"elementor-heading-title elementor-size-default\">Verantwortlich f\u00fcr den Inhalt nach \u00a7 55 Abs. 2 RStV:<\/h2>\t\t\t\t<\/div>\n\t\t\t\t<div class=\"elementor-element elementor-element-ac11217 elementor-widget elementor-widget-text-editor\" data-id=\"ac11217\" data-element_type=\"widget\" data-e-type=\"widget\" data-widget_type=\"text-editor.default\">\n\t\t\t\t\t\t\t\t\t<p>Dipl.-Ing. Hans-Christoph Klaiber<br \/>Spitalerstra\u00dfe 11<br \/>20095 Hamburg<\/p>\t\t\t\t\t\t\t\t<\/div>\n\t\t\t\t<div class=\"elementor-element elementor-element-ce9082c elementor-widget elementor-widget-heading\" data-id=\"ce9082c\" data-element_type=\"widget\" data-e-type=\"widget\" data-widget_type=\"heading.default\">\n\t\t\t\t\t<h2 class=\"elementor-heading-title elementor-size-default\">Streitschlichtung:<\/h2>\t\t\t\t<\/div>\n\t\t\t\t<div class=\"elementor-element elementor-element-ac71b15 elementor-widget elementor-widget-text-editor\" data-id=\"ac71b15\" data-element_type=\"widget\" data-e-type=\"widget\" data-widget_type=\"text-editor.default\">\n\t\t\t\t\t\t\t\t\t<p>Die Europ\u00e4ische Kommission stellt eine Plattform zur Online-Streitbeilegung (OS) bereit: https:\/\/ec.europa.eu\/consumers\/odr.<br \/>Unsere E-Mail-Adresse finden Sie oben im Impressum.<\/p><p>Wir sind nicht bereit oder verpflichtet, an Streitbeilegungsverfahren vor einer Verbraucherschlichtungsstelle teilzunehmen.<\/p>\t\t\t\t\t\t\t\t<\/div>\n\t\t\t\t<div class=\"elementor-element elementor-element-a368049 elementor-widget elementor-widget-heading\" data-id=\"a368049\" data-element_type=\"widget\" data-e-type=\"widget\" data-widget_type=\"heading.default\">\n\t\t\t\t\t<h2 class=\"elementor-heading-title elementor-size-default\">Fotos \/ Bildnachweis:<\/h2>\t\t\t\t<\/div>\n\t\t\t\t<div class=\"elementor-element elementor-element-06fd8e5 elementor-widget elementor-widget-text-editor\" data-id=\"06fd8e5\" data-element_type=\"widget\" data-e-type=\"widget\" data-widget_type=\"text-editor.default\">\n\t\t\t\t\t\t\t\t\t<p>Guido Kollmeier, Freier Fotodesigner, www.blende4.de<br \/>Martina van Kann, Freie Fotodesignerin, www.van-kann.de<br \/>Andreas Rex, Freier Fotodesigner<br \/>Dirk Ewald, Freier Fotodesigner, www.pro-pictures-hamburg.de<br \/>ELBE&amp;FLUT, Hampel &amp; Hettchen GbR<br \/>Hamburg Tourismus GmbH<br \/>Bernd Euler \u2013 Fotografie. Text. Konzeption\u2026<br \/>Gemeinschaft \u00a9 12foto.de #9504312 \/ Fotolia.com<br \/>business teamwork \u2013 business men making a puzzle \u00a9 Andres Rodriguez #2386219 \/ Fotolia.com<br \/>Trommeln \u00a9 Anja Liefting #8375258 \/ Fotolia.com<br \/>saxophonspieler \u00a9 lekcets #4274412 \/ Fotolia.com<br \/>good things come in small packages \u00a9 Scott Leman #2176110 \/ Fotolia.com<br \/>schreiben \u00a9 matttilda #1523209 \/ Fotolia.com<br \/>Globalplayer \u00a9 Sven Hoffmann #10365748 \/ Fotolia.com<br \/>battle of the sexes \u00a9 godfer #1381540 \/ Fotolia.com<br \/>sand boards on a dune \u00a9 Rob Ahrens #440457 \/ Fotolia.com<br \/>Weihnachtsm\u00fctze \u00a9 creative studio #3862617 \/ Fotolia.com<br \/>start \u00a9 Carmen Steiner #2403798 \/ Fotolia.com<br \/>dj turntable \u00a9 Dmitri Strakhov #2224839 \/ Fotolia.com<br \/>Hochzeitstorte \u2013 anschneiden \u2013 \u00a9 APurmann #10193701 \/ Fotolia.com<br \/>birthday cake \u00a9 Olga Lyubkina #405090 \/ Fotolia.com<br \/>molekulargastronomie \u00a9 matthias f\u00e4hrmann #3710360 \/ Fotolia.com<br \/>nudeln \u00a9 Silvia Bogdanski #8476507 \/ Fotolia.com<br \/>Eiltransporter \u00a9 otisthewolf #9138056 \/ Fotolia.com<br \/>Face of young charming confident woman with headset \u00a9 pressmaster #5499707 \/ Fotolia.com<br \/>Three people riding bikes \u00a9 Stockbyte\/Stockbyte # 77006194 \/ http:\/\/www.gettyimages.com<br \/>Dragon boat team \u00a9 Daniel Loiselle # 3921403 \/ iStockphoto.com<br \/>Dragon boat race \u00a9 Daniel Loiselle # 9358603 \/ iStockphoto.com<br \/>Christmas market in Hamburg \u00a9 Harald Bolten # 4915679 \/ iStockphoto.com<br \/>black pumps \u00a9 Kramografie #6584343 \/ Fotolia.com<br \/>Catering \u00a9 IQSolution #14805078 \/ Fotolia.com<br \/>Abschlag \u00a9 Ray #8695291 \/ Fotolia.com<br \/>Figure skates and mittens \u00a9 dimch #10788304 \/ Fotolia.com<br \/>Christmas Table \u00a9 peterpb #3034889 \/ iStockphoto.com<br \/>Party ball reflection \u00a9 Dmitriy Melnikov #7986230 \/ Fotolia.com<br \/>Hamburger Hafengeburtstag \u00a9 C. Spahrbier<br \/>Olive oil in bottles \u00a9 FikMik #65601485\/ Fotolia.com<br \/>Christmas duck \u00a9 Dar1930 #71821236\/ Fotolia.com<br \/>Apple Tarte \u00a9 HLPhoto #64119692\/ Fotolia.com<br \/>Honey and Herbal tea \u00a9 Natalia Klenova #68726892\/ Fotolia.com<br \/>Mare Frisium \u00a9 Michael Ermel \/ www.ermel.com<\/p>\t\t\t\t\t\t\t\t<\/div>\n\t\t\t\t<div class=\"elementor-element elementor-element-2b71ca5 elementor-widget elementor-widget-heading\" data-id=\"2b71ca5\" data-element_type=\"widget\" data-e-type=\"widget\" data-widget_type=\"heading.default\">\n\t\t\t\t\t<h2 class=\"elementor-heading-title elementor-size-default\">Technische Betreuung:<\/h2>\t\t\t\t<\/div>\n\t\t\t\t<div class=\"elementor-element elementor-element-d9c72d0 elementor-widget elementor-widget-text-editor\" data-id=\"d9c72d0\" data-element_type=\"widget\" data-e-type=\"widget\" data-widget_type=\"text-editor.default\">\n\t\t\t\t\t\t\t\t\t<p>codafish&gt;&lt;&gt; GmbH<br \/>together we dive into digital.<\/p><p>Am Altenfeldsdeich 56<br \/>25371 Seesterm\u00fche<br \/>Telefon: +49 30 666384800<br \/>E-Mail: hello@codafish.net<br \/>Web: https:\/\/codafish.net<\/p>\t\t\t\t\t\t\t\t<\/div>\n\t\t\t\t<div class=\"elementor-element elementor-element-b66698e elementor-widget elementor-widget-heading\" data-id=\"b66698e\" data-element_type=\"widget\" data-e-type=\"widget\" data-widget_type=\"heading.default\">\n\t\t\t\t\t<h2 class=\"elementor-heading-title elementor-size-default\">Haftung f\u00fcr Inhalte<\/h2>\t\t\t\t<\/div>\n\t\t\t\t<div class=\"elementor-element elementor-element-34e1b08 elementor-widget elementor-widget-text-editor\" data-id=\"34e1b08\" data-element_type=\"widget\" data-e-type=\"widget\" data-widget_type=\"text-editor.default\">\n\t\t\t\t\t\t\t\t\t<p>Als Diensteanbieter sind wir f\u00fcr eigene Inhalte auf diesen Seiten nach den allgemeinen Gesetzen verantwortlich. Wir sind jedoch als Diensteanbieter nicht verpflichtet, \u00fcbermittelte oder gespeicherte fremde Informationen zu \u00fcberwachen oder nach Umst\u00e4nden zu forschen, die auf eine rechtswidrige T\u00e4tigkeit hinweisen.<\/p><p>Verpflichtungen zur Entfernung oder Sperrung der Nutzung von Informationen nach den allgemeinen Gesetzen bleiben hiervon unber\u00fchrt. Eine diesbez\u00fcgliche Haftung ist jedoch erst ab dem Zeitpunkt der Kenntnis einer konkreten Rechtsverletzung m\u00f6glich. Bei Bekanntwerden von entsprechenden Rechtsverletzungen werden wir diese Inhalte umgehend entfernen.<\/p>\t\t\t\t\t\t\t\t<\/div>\n\t\t\t\t<div class=\"elementor-element elementor-element-326b9e8 elementor-widget elementor-widget-heading\" data-id=\"326b9e8\" data-element_type=\"widget\" data-e-type=\"widget\" data-widget_type=\"heading.default\">\n\t\t\t\t\t<h2 class=\"elementor-heading-title elementor-size-default\">Haftung f\u00fcr Links<\/h2>\t\t\t\t<\/div>\n\t\t\t\t<div class=\"elementor-element elementor-element-5ee2da3 elementor-widget elementor-widget-text-editor\" data-id=\"5ee2da3\" data-element_type=\"widget\" data-e-type=\"widget\" data-widget_type=\"text-editor.default\">\n\t\t\t\t\t\t\t\t\t<p>Unser Angebot enth\u00e4lt Links zu externen Websites Dritter, auf deren Inhalte wir keinen Einfluss haben. Deshalb k\u00f6nnen wir f\u00fcr diese fremden Inhalte auch keine Gew\u00e4hr \u00fcbernehmen. F\u00fcr die Inhalte der verlinkten Seiten ist stets der jeweilige Anbieter oder Betreiber der Seiten verantwortlich. Die verlinkten Seiten wurden zum Zeitpunkt der Verlinkung auf m\u00f6gliche Rechtsverst\u00f6\u00dfe \u00fcberpr\u00fcft. Rechtswidrige Inhalte waren zum Zeitpunkt der Verlinkung nicht erkennbar.<\/p><p>Eine permanente inhaltliche Kontrolle der verlinkten Seiten ist jedoch ohne konkrete Anhaltspunkte einer Rechtsverletzung nicht zumutbar. Bei Bekanntwerden von Rechtsverletzungen werden wir derartige Links umgehend entfernen.<\/p>\t\t\t\t\t\t\t\t<\/div>\n\t\t\t\t<div class=\"elementor-element elementor-element-fee8105 elementor-widget elementor-widget-heading\" data-id=\"fee8105\" data-element_type=\"widget\" data-e-type=\"widget\" data-widget_type=\"heading.default\">\n\t\t\t\t\t<h2 class=\"elementor-heading-title elementor-size-default\">Urheberrecht<\/h2>\t\t\t\t<\/div>\n\t\t\t\t<div class=\"elementor-element elementor-element-fae97da elementor-widget elementor-widget-text-editor\" data-id=\"fae97da\" data-element_type=\"widget\" data-e-type=\"widget\" data-widget_type=\"text-editor.default\">\n\t\t\t\t\t\t\t\t\t<p>Die durch die Seitenbetreiber erstellten Inhalte und Werke auf diesen Seiten unterliegen dem deutschen Urheberrecht. Die Vervielf\u00e4ltigung, Bearbeitung, Verbreitung und jede Art der Verwertung au\u00dferhalb der Grenzen des Urheberrechtes bed\u00fcrfen der schriftlichen Zustimmung des jeweiligen Autors bzw. Erstellers. Downloads und Kopien dieser Seite sind nur f\u00fcr den privaten, nicht kommerziellen Gebrauch gestattet.<\/p><p>Soweit die Inhalte auf dieser Seite nicht vom Betreiber erstellt wurden, werden die Urheberrechte Dritter beachtet. Insbesondere werden Inhalte Dritter als solche gekennzeichnet. Sollten Sie trotzdem auf eine Urheberrechtsverletzung aufmerksam werden, bitten wir um einen entsprechenden Hinweis. Bei Bekanntwerden von Rechtsverletzungen werden wir derartige Inhalte umgehend entfernen.<\/p>\t\t\t\t\t\t\t\t<\/div>\n\t\t\t\t\t<\/div>\n\t\t\t\t<\/div>\n\t\t\t\t<\/div>\n\t\t","protected":false},"excerpt":{"rendered":"<p>Angaben gem\u00e4\u00df \u00a7 5 DDG: NORD EVENT GmbH Spitalerstra\u00dfe 11 20095 Hamburg Vertreten durch: Gesch\u00e4ftsf\u00fchrer Dipl.-Ing. Hans-Christoph Klaiber Kontakt: Telefon: +49 40 200064-0 Telefax: +49 40 200064-264 E-Mail: info@nordevent.de Registereintrag: Eintragung im Handelsregister. Registergericht: Amtsgericht Hamburg Registernummer: HRB 155454 Umsatzsteuer: Umsatzsteuer-Identifikationsnummer gem\u00e4\u00df \u00a727 a Umsatzsteuergesetz: DE212415283 Verantwortlich f\u00fcr den Inhalt nach \u00a7 55 Abs. 2 [&hellip;]<\/p>\n","protected":false},"author":1,"featured_media":0,"parent":0,"menu_order":7,"comment_status":"closed","ping_status":"closed","template":"elementor_header_footer","meta":{"_acf_changed":false,"footnotes":""},"class_list":["post-69","page","type-page","status-publish","hentry"],"acf":[],"aioseo_notices":[],"_links":{"self":[{"href":"https:\/\/nordevent-shop.de\/index.php?rest_route=\/wp\/v2\/pages\/69","targetHints":{"allow":["GET"]}}],"collection":[{"href":"https:\/\/nordevent-shop.de\/index.php?rest_route=\/wp\/v2\/pages"}],"about":[{"href":"https:\/\/nordevent-shop.de\/index.php?rest_route=\/wp\/v2\/types\/page"}],"author":[{"embeddable":true,"href":"https:\/\/nordevent-shop.de\/index.php?rest_route=\/wp\/v2\/users\/1"}],"replies":[{"embeddable":true,"href":"https:\/\/nordevent-shop.de\/index.php?rest_route=%2Fwp%2Fv2%2Fcomments&post=69"}],"version-history":[{"count":20,"href":"https:\/\/nordevent-shop.de\/index.php?rest_route=\/wp\/v2\/pages\/69\/revisions"}],"predecessor-version":[{"id":1488,"href":"https:\/\/nordevent-shop.de\/index.php?rest_route=\/wp\/v2\/pages\/69\/revisions\/1488"}],"wp:attachment":[{"href":"https:\/\/nordevent-shop.de\/index.php?rest_route=%2Fwp%2Fv2%2Fmedia&parent=69"}],"curies":[{"name":"wp","href":"https:\/\/api.w.org\/{rel}","templated":true}]}}