{"id":73,"date":"2026-02-10T17:06:02","date_gmt":"2026-02-10T17:06:02","guid":{"rendered":"https:\/\/nordevent-shop.de\/?page_id=73"},"modified":"2026-03-27T10:27:42","modified_gmt":"2026-03-27T10:27:42","slug":"agb","status":"publish","type":"page","link":"https:\/\/nordevent-shop.de\/agb","title":{"rendered":"AGB"},"content":{"rendered":"\t\t<div data-elementor-type=\"wp-page\" data-elementor-id=\"73\" class=\"elementor elementor-73\" data-elementor-post-type=\"page\">\n\t\t\t\t<div class=\"elementor-element elementor-element-58ab8a1 e-flex e-con-boxed e-con e-parent\" data-id=\"58ab8a1\" data-element_type=\"container\" data-e-type=\"container\" data-settings=\"{&quot;background_background&quot;:&quot;classic&quot;}\">\n\t\t\t\t\t<div class=\"e-con-inner\">\n\t\t\t\t<div class=\"elementor-element elementor-element-b47d360 elementor-widget elementor-widget-heading\" data-id=\"b47d360\" data-element_type=\"widget\" data-e-type=\"widget\" data-widget_type=\"heading.default\">\n\t\t\t\t\t<h1 class=\"elementor-heading-title elementor-size-default\">AGB<\/h1>\t\t\t\t<\/div>\n\t\t\t\t\t<\/div>\n\t\t\t\t<\/div>\n\t\t<div class=\"elementor-element elementor-element-5c02aaf e-flex e-con-boxed e-con e-parent\" data-id=\"5c02aaf\" data-element_type=\"container\" data-e-type=\"container\">\n\t\t\t\t\t<div class=\"e-con-inner\">\n\t\t\t\t<div class=\"elementor-element elementor-element-24ac2fd elementor-widget elementor-widget-heading\" data-id=\"24ac2fd\" data-element_type=\"widget\" data-e-type=\"widget\" data-widget_type=\"heading.default\">\n\t\t\t\t\t<h2 class=\"elementor-heading-title elementor-size-default\">Allgemeine Gesch\u00e4ftsbedingungen \"Event Tickets\" der Firma Nord Event GmbH<\/h2>\t\t\t\t<\/div>\n\t\t\t\t<div class=\"elementor-element elementor-element-3735633 elementor-widget elementor-widget-text-editor\" data-id=\"3735633\" data-element_type=\"widget\" data-e-type=\"widget\" data-widget_type=\"text-editor.default\">\n\t\t\t\t\t\t\t\t\t<p>vertreten durch den Gesch\u00e4ftsf\u00fchrer Hans-Christoph Klaiber, Spitalerstrasse 11, 20095 Hamburg<\/p>\t\t\t\t\t\t\t\t<\/div>\n\t\t\t\t<div class=\"elementor-element elementor-element-1697822 elementor-widget elementor-widget-heading\" data-id=\"1697822\" data-element_type=\"widget\" data-e-type=\"widget\" data-widget_type=\"heading.default\">\n\t\t\t\t\t<h3 class=\"elementor-heading-title elementor-size-default\">A. Allgemeines<\/h3>\t\t\t\t<\/div>\n\t\t\t\t<div class=\"elementor-element elementor-element-f002361 elementor-widget elementor-widget-text-editor\" data-id=\"f002361\" data-element_type=\"widget\" data-e-type=\"widget\" data-widget_type=\"text-editor.default\">\n\t\t\t\t\t\t\t\t\t<p>F\u00fcr alle Vertr\u00e4ge zwischen uns und dem Kunden gelten ausschlie\u00dflich die nachfolgenden Allgemeinen Gesch\u00e4ftsbedingungen; Allgemeine Bedingungen des Kunden werden nur dann Bestandteil des Vertrages, wenn sie von uns schriftlich anerkannt werden. Die Abnahme der Leistung von uns gilt in jedem Falle als Anerkennung dieser Allgemeinen Gesch\u00e4ftsbedingungen.<\/p>\t\t\t\t\t\t\t\t<\/div>\n\t\t\t\t<div class=\"elementor-element elementor-element-24739ac elementor-widget elementor-widget-heading\" data-id=\"24739ac\" data-element_type=\"widget\" data-e-type=\"widget\" data-widget_type=\"heading.default\">\n\t\t\t\t\t<h3 class=\"elementor-heading-title elementor-size-default\">B. Vertragsabschluss<\/h3>\t\t\t\t<\/div>\n\t\t\t\t<div class=\"elementor-element elementor-element-5408606 elementor-widget elementor-widget-text-editor\" data-id=\"5408606\" data-element_type=\"widget\" data-e-type=\"widget\" data-widget_type=\"text-editor.default\">\n\t\t\t\t\t\t\t\t\t<p>Die Angebote von uns verstehen sich stets freibleibend, solange sie nicht unterzeichnet \u00fcbersandt werden. Die z.B. als \u201eKostenrahmen\u201c, \u201eKostenskizze\u201c oder \u201eGrobkostenkalkulation\u201c bezeichneten Angebote von uns sind unverbindlich.<\/p><p>Werden Angebote nach den Angaben und Unterlagen des Kunden oder von ihm beauftragter Dritter ausgearbeitet, haften wir f\u00fcr die Richtigkeit und Geeignetheit dieser Angaben und Unterlagen nicht, es sei denn, deren Fehlerhaftigkeit und Ungeeignetheit wird vors\u00e4tzlich oder grob fahrl\u00e4ssig nicht erkannt.<\/p><p>M\u00fcndliche Nebenabreden bed\u00fcrfen zu Ihrer Wirksamkeit einer schriftlichen Best\u00e4tigung durch uns.<\/p>\t\t\t\t\t\t\t\t<\/div>\n\t\t\t\t<div class=\"elementor-element elementor-element-1f4f487 elementor-widget elementor-widget-heading\" data-id=\"1f4f487\" data-element_type=\"widget\" data-e-type=\"widget\" data-widget_type=\"heading.default\">\n\t\t\t\t\t<h3 class=\"elementor-heading-title elementor-size-default\">C. Preise, Zahlungen, Stornierungen und Umbuchungen\n\n<\/h3>\t\t\t\t<\/div>\n\t\t\t\t<div class=\"elementor-element elementor-element-212d628 elementor-widget elementor-widget-text-editor\" data-id=\"212d628\" data-element_type=\"widget\" data-e-type=\"widget\" data-widget_type=\"text-editor.default\">\n\t\t\t\t\t\t\t\t\t<ol><li>Die Angebotspreise haben, sofern sie nicht als Einzelleistungen angefragt wurden, nur bei Erteilung des ungeteilten Auftrages G\u00fcltigkeit.<\/li><li>Wir sind berechtigt, Teilleistungen zu erbringen und diese gesondert abzurechnen.<\/li><li>Alle Preise verstehen sich inklusive der gesetzlich geltenden Mehrwertsteuer. Ma\u00dfgeblich ist der Mehrwertsteuersatz, der zum Zeitpunkt der Leistungserbringung gilt.<\/li><li>Wurde die vertraglich vereinbarte Anzahlung nicht sp\u00e4testens drei Tage vor Veranstaltungsbeginn vom Kunden geleistet, k\u00f6nnen wir die Leistungserbringung verweigern. Hierdurch ist der Kunde nicht von der Zahlungspflicht entbunden.<\/li><li>Nicht kalenderm\u00e4\u00dfig f\u00e4llige Rechnungen sind binnen zehn Tagen ab Rechnungsdatum ohne Abzug zahlbar, Verzug tritt mit dem Zugang der ersten Mahnung ein. Ab Verzugseintritt ist die Rechnung mit 9 %-Punkten \u00fcber dem Basiszinssatz (bei Privatpersonen 5 %-Punkte \u00fcber dem Basiszinssatz) zu verzinsen. F\u00fcr jede Mahnung nach Verzugseintritt erheben wir eine pauschale Mahngeb\u00fchr in H\u00f6he von \u20ac 5,00.<\/li><li>Wir haben die Anschrift des Briefkopfes der Auftragsbest\u00e4tigung als Rechnungsadresse gespeichert. Die Rechnungsanschrift ist f\u00fcr beide Parteien bindend, solange der Kunde keine abweichende Rechnungsanschrift mitgeteilt hat. F\u00fcr bereits zugestellte Rechnungen, die ohne unser Verschulden auf Kundenwunsch ge\u00e4ndert werden m\u00fcssen, werden Verwaltungsgeb\u00fchren in H\u00f6he von \u20ac 25,00 pro \u00c4nderung in Rechnung gestellt. Ist der Kunde eine Privatperson, sind uns mit Auftragslegung das Geburtsdatum sowie der Geburtsort mitzuteilen.<\/li><li>Umbuchungen von Tickets, die Sie \u00fcber unsere Partner-Plattformen erworben haben, sind ausgeschlossen. Umbuchungen von Tickets, die Sie \u00fcber unseren NORD EVENT Ticketshop erworben haben, sind nur gegen eine Geb\u00fchr von \u20ac 20,00 m\u00f6glich.<\/li><li>Stornierungen von Tickets sind ausgeschlossen. Die Weitergabe von Tickets ist unter Angabe der Namens\u00e4nderung per E-Mail an shop@nordevent.de m\u00f6glich.<\/li><\/ol>\t\t\t\t\t\t\t\t<\/div>\n\t\t\t\t<div class=\"elementor-element elementor-element-8d31b3a elementor-widget elementor-widget-heading\" data-id=\"8d31b3a\" data-element_type=\"widget\" data-e-type=\"widget\" data-widget_type=\"heading.default\">\n\t\t\t\t\t<h3 class=\"elementor-heading-title elementor-size-default\">D. Bestimmungen \u00fcber die Lieferung von Waren und Tickets f\u00fcr Veranstaltungen\n\n<\/h3>\t\t\t\t<\/div>\n\t\t\t\t<div class=\"elementor-element elementor-element-c5147e9 elementor-widget elementor-widget-text-editor\" data-id=\"c5147e9\" data-element_type=\"widget\" data-e-type=\"widget\" data-widget_type=\"text-editor.default\">\n\t\t\t\t\t\t\t\t\t<ol><li>Die von uns im Internet dargestellten Leistungen und Preise stellen kein verbindliches Angebot zum Anschluss eines Vertrages dar. Erst mit der Eingabe seiner Daten und dem Absenden des Online-Buchungsformulars gibt der Kunde ein verbindliches Vertragsangebot ab. Der Kunde ist f\u00fcr den Zeitraum von bis zu sechs Tagen (bei vorher stattfindenden Veranstaltungen bis zu dem vor der Veranstaltung liegenden Tag) an seine Buchungsanfrage gebunden. Innerhalb dieses Zeitraumes erkl\u00e4ren wir entweder die Annahme der Buchung oder \u00fcbermittelt dem Kunden ein neues Angebot, das dieser innerhalb der darin bestimmten Frist annehmen kann. Bei \u00dcbermittlung der Buchungsbest\u00e4tigung oder Annahme des von uns \u00fcbersandten neuen Angebots durch den Kunden kommt der entsprechende Vertrag \u00fcber die vereinbarte Leistung(en) zustande.<\/li><li>Soweit wir Dienstleistungen aus den Bereichen Unterbringung, Bef\u00f6rderung, Lieferung von Speisen und Getr\u00e4nken sowie Freizeitgestaltung, insbesondere Eintrittskarten f\u00fcr Veranstaltungen, anbieten, finden die Bestimmungen \u00fcber Fernabsatzvertr\u00e4ge (\u00a7\u00a7 312 b bis 312 d BGB und \u00a7 355 BGB) keine Anwendung. Dies bedeutet, dass ein zweiw\u00f6chiges Widerrufs- und R\u00fcckgaberecht ausgeschlossen ist. Jede Bestellung ist damit unmittelbar nach Annahme durch uns bindend und verpflichtet den Kunden zur Abnahme der bestellten Waren, Eintrittskarten oder Dienstleistungen.<\/li><li>Alle Preise gelten, wenn nicht etwas anderes ausdr\u00fccklich vereinbart ist \u2013 ohne Verpackung, Fracht, Porto und Bei Versendung von Waren im Inland wie auch ins Ausland fallen daher zus\u00e4tzliche Liefer- und Versandkosten an. Deren H\u00f6he richtet sich nach den im Zusammenhang mit dem konkreten Angebot gemachten Angaben; sie sind zus\u00e4tzlich zum Kaufpreis vom Kunden zu bezahlen. F\u00fcr die Abholung oder die Zusendung eines Tickets berechnen wir im Falle von Einzelbuchungen eine einmalige Handlingspauschale in H\u00f6he von \u20ac 3,50.<\/li><li>Das vereinbarte Entgelt ist sofort nach Vertragsschluss zur Zahlung f\u00e4llig. Der Kunde kann per Kreditkarte (Visa, American Express oder MasterCard \/ EuroCard) zahlen.<\/li><\/ol>\t\t\t\t\t\t\t\t<\/div>\n\t\t\t\t<div class=\"elementor-element elementor-element-1a7d699 elementor-widget elementor-widget-heading\" data-id=\"1a7d699\" data-element_type=\"widget\" data-e-type=\"widget\" data-widget_type=\"heading.default\">\n\t\t\t\t\t<h3 class=\"elementor-heading-title elementor-size-default\">E. Gew\u00e4hrleistung<\/h3>\t\t\t\t<\/div>\n\t\t\t\t<div class=\"elementor-element elementor-element-8ec68fa elementor-widget elementor-widget-text-editor\" data-id=\"8ec68fa\" data-element_type=\"widget\" data-e-type=\"widget\" data-widget_type=\"text-editor.default\">\n\t\t\t\t\t\t\t\t\t<ol><li>Der Kunde ist verpflichtet, die Leistungen von uns bei Abnahme zu pr\u00fcfen und M\u00e4ngel unverz\u00fcglich zu r\u00fcgen. Zeigt sich trotz sorgf\u00e4ltiger Pr\u00fcfung ein Mangel erst sp\u00e4ter, so ist dieser unverz\u00fcglich anzuzeigen. In jedem Falle m\u00fcssen uns M\u00e4ngelr\u00fcgen sp\u00e4testens 7 Tage nach Veranstaltungsende zugegangen sein. Insbesondere sind eventuelle R\u00fcgen im Hinblick auf die Durchf\u00fchrung eines Events unverz\u00fcglich w\u00e4hrend der Veranstaltung gegen\u00fcber uns und \/ oder dem zust\u00e4ndigen Personal vor Ort mitzuteilen, so dass wir und \/ oder das anwesende Personal die M\u00f6glichkeit haben, berechtigte M\u00e4ngel umgehend zu beheben.<\/li><li>Als Gew\u00e4hrleistung kann der Kunde grunds\u00e4tzlich (vorbehaltlich der Regelung in der nachfolgenden Ziffern 3. und 4.) nur Nachbesserung verlangen. Die Art und Weise der sachgerechten Nachbesserung richtet sich nach unserem Ermessen.<\/li><li>Bei Fehlschlagen der Nacherf\u00fcllung ist der Kunde berechtigt, die Herabsetzung des Preises zu verlangen (Minderung) oder, wenn nicht eine Bauleistung Gegenstand der M\u00e4ngelhaftung ist, nach seiner Wahl vom Vertrag zur\u00fcckzutreten.<\/li><li>Ist die Nachbesserung wegen Zeitablaufes (Beendigung der Veranstaltung) ausgeschlossen, stehen dem Kunden nur Minderungsrechte zu.<\/li><li>Wir k\u00f6nnen die Beseitigung von M\u00e4ngeln verweigern, solange der Kunde seinen vertraglichen Verpflichtungen, insbesondere seinen Zahlungsverpflichtungen nicht ordnungsgem\u00e4\u00df nachgekommen ist.<\/li><li>Erfolgt die M\u00e4ngelr\u00fcge versp\u00e4tet oder wurden bei Abnahme\/\u00dcbergabe Vorbehalte wegen bekannter M\u00e4ngel nicht gemacht, so erl\u00f6schen die Gew\u00e4hrleistungsanspr\u00fcche g\u00e4nzlich. Das Gleiche gilt, wenn der Kunde selbst \u00c4nderungen vornimmt oder uns die Feststellung der M\u00e4ngel erschwert.<\/li><\/ol>\t\t\t\t\t\t\t\t<\/div>\n\t\t\t\t<div class=\"elementor-element elementor-element-2aae158 elementor-widget elementor-widget-heading\" data-id=\"2aae158\" data-element_type=\"widget\" data-e-type=\"widget\" data-widget_type=\"heading.default\">\n\t\t\t\t\t<h3 class=\"elementor-heading-title elementor-size-default\">F. Haftung<\/h3>\t\t\t\t<\/div>\n\t\t\t\t<div class=\"elementor-element elementor-element-5af4705 elementor-widget elementor-widget-text-editor\" data-id=\"5af4705\" data-element_type=\"widget\" data-e-type=\"widget\" data-widget_type=\"text-editor.default\">\n\t\t\t\t\t\t\t\t\t<ol>\n \t<li>F\u00fcr termin- und qualit\u00e4tsgerechte Ausf\u00fchrung haften wir nur, wenn der Kunde seinen vertraglichen Verpflichtungen, insbesondere derjenigen zur fristgerechten Zahlung, ordnungsgem\u00e4\u00df nachgekommen ist.<\/li>\n \t<li>F\u00fcr mangelhafte Lieferungen bzw. Leistungen von Fremdbetrieben, die im Auftrag des Kunden eingeschaltet werden, wird keine Haftung \u00fcbernommen, sofern uns nicht eine vors\u00e4tzliche oder grob fahrl\u00e4ssige Verletzung der Sorgfaltspflicht bei der Auswahl und \u00dcberwachung der Fremdbetriebe nachgewiesen wird. Der Kunde kann gegebenenfalls die Abtretung der Anspr\u00fcche von uns gegen\u00fcber diesem verlangen.<\/li>\n \t<li>Soweit nichts anderes vereinbart ist, haften wir nicht f\u00fcr eingebrachte Gegenst\u00e4nde des Kunden, soweit wir nicht durch vors\u00e4tzliches oder grob fahrl\u00e4ssiges Handeln die Besch\u00e4digung oder den Untergang der Gegenst\u00e4nde verursacht haben.<\/li>\n \t<li>Wir haften entsprechend den zwingenden gesetzlichen Haftungsvorschriften.<\/li>\n \t<li>F\u00fcr andere als durch Verletzung von Leben, K\u00f6rper und Gesundheit entstehende Sch\u00e4den haften wir nur, soweit dieser bzw. deren Erf\u00fcllungs- bzw. Verrichtungsgehilfen vors\u00e4tzliches oder grob fahrl\u00e4ssiges Handeln oder eine schuldhafte Verletzung einer wesentlichen Vertragspflicht zur Last f\u00e4llt. Eine weitergehende Haftung auf Schadensersatz ist ausgeschlossen.<\/li>\n \t<li>Bei leicht fahrl\u00e4ssiger Verletzung wesentlicher Vertragspflichten haften wir \u2013 gleich aus welchem Rechtsgrund \u2013 der H\u00f6he nach beschr\u00e4nkt auf den vertragstypischen vorhersehbaren Schaden, der in der Regel den Betrag des Honorars nicht \u00fcberschreitet.<\/li>\n \t<li>Eine wesentliche Vertragspflicht umfasst solche Pflichten, die die ordnungsgem\u00e4\u00dfe Durchf\u00fchrung des Vertrages \u00fcberhaupt erst erm\u00f6glichen und auf deren Einhaltung der Kunde regelm\u00e4\u00dfig vertrauen darf.<\/li>\n \t<li>Soweit uns im Zusammenhang mit der Vertragsabwicklung Schadenersatzanspr\u00fcche gegen Dritte zustehen, treten wir derartige Ersatzanspr\u00fcche an den Kunden ab, sofern dieser die Abtretung derartiger k\u00fcnftiger Anspr\u00fcche annimmt. In einem solchen Fall stehen dem Kunden gegen uns keine weiteren Anspr\u00fcche zu. Der Kunde ist berechtigt, derartige Anspr\u00fcche auf eigene Kosten.<\/li>\n \t<li>Schadensersatzanspr\u00fcche nach dem Produkthaftungsgesetz bleiben unber\u00fchrt.<\/li>\n<\/ol>\t\t\t\t\t\t\t\t<\/div>\n\t\t\t\t<div class=\"elementor-element elementor-element-5adf35f elementor-widget elementor-widget-heading\" data-id=\"5adf35f\" data-element_type=\"widget\" data-e-type=\"widget\" data-widget_type=\"heading.default\">\n\t\t\t\t\t<h3 class=\"elementor-heading-title elementor-size-default\">G. Schlussbestimmungen<\/h3>\t\t\t\t<\/div>\n\t\t\t\t<div class=\"elementor-element elementor-element-531f0cd elementor-widget elementor-widget-text-editor\" data-id=\"531f0cd\" data-element_type=\"widget\" data-e-type=\"widget\" data-widget_type=\"text-editor.default\">\n\t\t\t\t\t\t\t\t\t<p>Wir nutzen personenbezogenen Daten, soweit dies f\u00fcr die Erbringung der vertraglichen Leistungen erforderlich Die gespeicherten pers\u00f6nlichen Daten werden durch uns vertraulich und nach Ma\u00dfgabe der DSGVO und des BDSG behandelt. Detaillierte Informationen zum Umgang mit personenbezogenen Daten durch uns kann der Kunde unserer Datenschutzerkl\u00e4rung unter http:\/\/www.nordevent.de\/de\/datenschutz.html entnehmen.<\/p><p>Der Kunde darf nur mit unbestrittenen oder rechtskr\u00e4ftig festgestellten Gegenforderungen aufrechnen.<\/p><p>Die Rechte des Kunden aus diesem Vertragsverh\u00e4ltnis sind nur mit vorheriger Zustimmung von uns \u00fcbertragbar.<\/p><p>Es gilt das Recht der Bundesrepublik Als Gerichtsstand wird, soweit zul\u00e4ssig, Hamburg vereinbart.<\/p><p>Sollte eine Bestimmung dieser Bedingungen unwirksam oder nichtig sein, so wird hiervon die Wirksamkeit der \u00fcbrigen Bestimmungen nicht ber\u00fchrt.<\/p>\t\t\t\t\t\t\t\t<\/div>\n\t\t\t\t\t<\/div>\n\t\t\t\t<\/div>\n\t\t\t\t<\/div>\n\t\t","protected":false},"excerpt":{"rendered":"<p>Allgemeine Gesch\u00e4ftsbedingungen &#8222;Event Tickets&#8220; der Firma Nord Event GmbH vertreten durch den Gesch\u00e4ftsf\u00fchrer Hans-Christoph Klaiber, Spitalerstrasse 11, 20095 Hamburg A. Allgemeines F\u00fcr alle Vertr\u00e4ge zwischen uns und dem Kunden gelten ausschlie\u00dflich die nachfolgenden Allgemeinen Gesch\u00e4ftsbedingungen; Allgemeine Bedingungen des Kunden werden nur dann Bestandteil des Vertrages, wenn sie von uns schriftlich anerkannt werden. Die Abnahme der [&hellip;]<\/p>\n","protected":false},"author":1,"featured_media":0,"parent":0,"menu_order":9,"comment_status":"closed","ping_status":"closed","template":"elementor_header_footer","meta":{"_acf_changed":false,"footnotes":""},"class_list":["post-73","page","type-page","status-publish","hentry"],"acf":[],"aioseo_notices":[],"_links":{"self":[{"href":"https:\/\/nordevent-shop.de\/index.php?rest_route=\/wp\/v2\/pages\/73","targetHints":{"allow":["GET"]}}],"collection":[{"href":"https:\/\/nordevent-shop.de\/index.php?rest_route=\/wp\/v2\/pages"}],"about":[{"href":"https:\/\/nordevent-shop.de\/index.php?rest_route=\/wp\/v2\/types\/page"}],"author":[{"embeddable":true,"href":"https:\/\/nordevent-shop.de\/index.php?rest_route=\/wp\/v2\/users\/1"}],"replies":[{"embeddable":true,"href":"https:\/\/nordevent-shop.de\/index.php?rest_route=%2Fwp%2Fv2%2Fcomments&post=73"}],"version-history":[{"count":23,"href":"https:\/\/nordevent-shop.de\/index.php?rest_route=\/wp\/v2\/pages\/73\/revisions"}],"predecessor-version":[{"id":1493,"href":"https:\/\/nordevent-shop.de\/index.php?rest_route=\/wp\/v2\/pages\/73\/revisions\/1493"}],"wp:attachment":[{"href":"https:\/\/nordevent-shop.de\/index.php?rest_route=%2Fwp%2Fv2%2Fmedia&parent=73"}],"curies":[{"name":"wp","href":"https:\/\/api.w.org\/{rel}","templated":true}]}}